{"id":66,"date":"2021-09-01T09:45:04","date_gmt":"2021-09-01T09:45:04","guid":{"rendered":"https:\/\/www.ac-s.cz\/?page_id=66"},"modified":"2021-12-08T07:03:28","modified_gmt":"2021-12-08T07:03:28","slug":"kontakt","status":"publish","type":"page","link":"https:\/\/www.ac-s.cz\/index.php\/kontakt\/","title":{"rendered":"Kontakt"},"content":{"rendered":"<p>[et_pb_section fb_built=&#8220;1&#8243; _builder_version=&#8220;4.10.5&#8243; _module_preset=&#8220;default&#8220; custom_padding=&#8220;30px||1px|||&#8220; global_colors_info=&#8220;{}&#8220;][et_pb_row _builder_version=&#8220;4.10.5&#8243; _module_preset=&#8220;default&#8220; custom_padding=&#8220;30px|||||&#8220; global_colors_info=&#8220;{}&#8220;][et_pb_column type=&#8220;4_4&#8243; _builder_version=&#8220;4.10.5&#8243; _module_preset=&#8220;default&#8220; global_colors_info=&#8220;{}&#8220;][et_pb_text _builder_version=&#8220;4.10.5&#8243; _module_preset=&#8220;default&#8220; header_2_font=&#8220;Calibri nadpisy|||on|||||&#8220; header_2_text_color=&#8220;#000000&#8243; header_2_font_size=&#8220;35px&#8220; custom_margin=&#8220;||1px|||&#8220; global_colors_info=&#8220;{}&#8220;]<\/p>\n<h2>Kontakt<\/h2>\n<p>[\/et_pb_text][et_pb_divider color=&#8220;#E02B20&#8243; _builder_version=&#8220;4.10.5&#8243; _module_preset=&#8220;default&#8220; width=&#8220;64%&#8220; global_colors_info=&#8220;{}&#8220;][\/et_pb_divider][\/et_pb_column][\/et_pb_row][et_pb_row column_structure=&#8220;1_2,1_2&#8243; _builder_version=&#8220;4.10.5&#8243; _module_preset=&#8220;default&#8220; global_colors_info=&#8220;{}&#8220;][et_pb_column type=&#8220;1_2&#8243; _builder_version=&#8220;4.10.5&#8243; _module_preset=&#8220;default&#8220; global_colors_info=&#8220;{}&#8220;][et_pb_text _builder_version=&#8220;4.10.5&#8243; _module_preset=&#8220;default&#8220; text_font=&#8220;Calibri nadpisy||||||||&#8220; text_text_color=&#8220;#000000&#8243; text_font_size=&#8220;17px&#8220; header_3_font=&#8220;Calibri nadpisy||||||||&#8220; header_3_text_align=&#8220;left&#8220; header_3_text_color=&#8220;#000000&#8243; header_3_font_size=&#8220;25px&#8220; hover_enabled=&#8220;0&#8243; global_colors_info=&#8220;{}&#8220; sticky_enabled=&#8220;0&#8243;]<\/p>\n<h3>AC<span style=\"color: #ff0000;\">&amp;<\/span>S Prague s.r.o.<\/h3>\n<p>Olivova 2096\/4<br \/>Praha 1, Nov\u00e9 M\u011bsto, 110 00<br \/>I\u010cO 282 53 001<br \/>DI\u010c: CZ28253001<\/p>\n<p>Spole\u010dnost zapsan\u00e1 v obchodn\u00edm rejst\u0159\u00edku veden\u00e9m M\u011bstsk\u00fdm soudem v Praze pod spis. zn. C 135517.<\/p>\n<p>[\/et_pb_text][\/et_pb_column][et_pb_column type=&#8220;1_2&#8243; _builder_version=&#8220;4.10.5&#8243; _module_preset=&#8220;default&#8220; global_colors_info=&#8220;{}&#8220;][et_pb_blurb title=&#8220;Michal Jure\u010dka&#8220; use_icon=&#8220;on&#8220; font_icon=&#8220;%%149%%&#8220; icon_color=&#8220;#E02B20&#8243; icon_placement=&#8220;left&#8220; _builder_version=&#8220;4.10.5&#8243; _module_preset=&#8220;default&#8220; header_font=&#8220;Calibri nadpisy|600||on|||||&#8220; header_text_align=&#8220;left&#8220; header_text_color=&#8220;#272727&#8243; body_font=&#8220;Calibri nadpisy||||||||&#8220; body_text_align=&#8220;left&#8220; body_text_color=&#8220;#000000&#8243; body_link_font=&#8220;Calibri nadpisy||||on|||#E02B20|&#8220; body_link_text_align=&#8220;left&#8220; body_link_text_color=&#8220;#E02B20&#8243; global_colors_info=&#8220;{}&#8220;]<\/p>\n<p>Tel: <a href=\"tel:775947878\">+420 775 947 878<\/a><br \/>E-mail: <a href=\"mailto:jurecka@ac-s.cz\">jurecka@ac-s.cz<\/a><\/p>\n<p>[\/et_pb_blurb][et_pb_blurb title=&#8220;Ji\u0159ina Jure\u010dkov\u00e1&#8220; use_icon=&#8220;on&#8220; font_icon=&#8220;%%149%%&#8220; icon_color=&#8220;#E02B20&#8243; icon_placement=&#8220;left&#8220; _builder_version=&#8220;4.10.5&#8243; _module_preset=&#8220;default&#8220; header_font=&#8220;Calibri nadpisy|600||on|||||&#8220; header_text_align=&#8220;left&#8220; header_text_color=&#8220;#272727&#8243; body_font=&#8220;Calibri nadpisy||||||||&#8220; body_text_align=&#8220;left&#8220; body_text_color=&#8220;#000000&#8243; body_link_font=&#8220;Calibri nadpisy||||on|||#E02B20|&#8220; body_link_text_align=&#8220;left&#8220; body_link_text_color=&#8220;#E02B20&#8243; global_colors_info=&#8220;{}&#8220;]<\/p>\n<p>Tel: <a href=\"tel:724%20916 792\">+420 724 916 792<\/a><br \/>E-mail: <a href=\"mailto:jureckova@ac-s.cz\">jureckova@ac-s.cz<\/a><\/p>\n<p>[\/et_pb_blurb][\/et_pb_column][\/et_pb_row][\/et_pb_section]<\/p>\n","protected":false},"excerpt":{"rendered":"<p>KontaktAC&amp;S Prague s.r.o. Olivova 2096\/4Praha 1, Nov\u00e9 M\u011bsto, 110 00I\u010cO 282 53 001DI\u010c: CZ28253001 Spole\u010dnost zapsan\u00e1 v obchodn\u00edm rejst\u0159\u00edku veden\u00e9m M\u011bstsk\u00fdm soudem v Praze pod spis. zn. C 135517.Tel: +420 775 947 878E-mail: jurecka@ac-s.czTel: +420 724 916 792E-mail: jureckova@ac-s.cz<\/p>\n","protected":false},"author":2,"featured_media":0,"parent":0,"menu_order":0,"comment_status":"closed","ping_status":"closed","template":"","meta":{"_et_pb_use_builder":"on","_et_pb_old_content":"","_et_gb_content_width":"","footnotes":""},"class_list":["post-66","page","type-page","status-publish","hentry"],"_links":{"self":[{"href":"https:\/\/www.ac-s.cz\/index.php\/wp-json\/wp\/v2\/pages\/66","targetHints":{"allow":["GET"]}}],"collection":[{"href":"https:\/\/www.ac-s.cz\/index.php\/wp-json\/wp\/v2\/pages"}],"about":[{"href":"https:\/\/www.ac-s.cz\/index.php\/wp-json\/wp\/v2\/types\/page"}],"author":[{"embeddable":true,"href":"https:\/\/www.ac-s.cz\/index.php\/wp-json\/wp\/v2\/users\/2"}],"replies":[{"embeddable":true,"href":"https:\/\/www.ac-s.cz\/index.php\/wp-json\/wp\/v2\/comments?post=66"}],"version-history":[{"count":5,"href":"https:\/\/www.ac-s.cz\/index.php\/wp-json\/wp\/v2\/pages\/66\/revisions"}],"predecessor-version":[{"id":230,"href":"https:\/\/www.ac-s.cz\/index.php\/wp-json\/wp\/v2\/pages\/66\/revisions\/230"}],"wp:attachment":[{"href":"https:\/\/www.ac-s.cz\/index.php\/wp-json\/wp\/v2\/media?parent=66"}],"curies":[{"name":"wp","href":"https:\/\/api.w.org\/{rel}","templated":true}]}}