{"id":64,"date":"2021-09-01T09:43:07","date_gmt":"2021-09-01T09:43:07","guid":{"rendered":"https:\/\/www.ac-s.cz\/?page_id=64"},"modified":"2021-09-21T12:36:30","modified_gmt":"2021-09-21T12:36:30","slug":"tym","status":"publish","type":"page","link":"https:\/\/www.ac-s.cz\/index.php\/tym\/","title":{"rendered":"T\u00fdm"},"content":{"rendered":"<p>[et_pb_section fb_built=&#8220;1&#8243; _builder_version=&#8220;4.10.5&#8243; _module_preset=&#8220;default&#8220; custom_padding=&#8220;30px||0px||false|false&#8220; global_colors_info=&#8220;{}&#8220;][et_pb_row _builder_version=&#8220;4.10.5&#8243; _module_preset=&#8220;default&#8220; custom_padding=&#8220;30px|||||&#8220; global_colors_info=&#8220;{}&#8220;][et_pb_column type=&#8220;4_4&#8243; _builder_version=&#8220;4.10.5&#8243; _module_preset=&#8220;default&#8220; global_colors_info=&#8220;{}&#8220;][et_pb_text _builder_version=&#8220;4.10.5&#8243; _module_preset=&#8220;default&#8220; header_2_font=&#8220;Calibri nadpisy|||on|||||&#8220; header_2_text_align=&#8220;left&#8220; header_2_text_color=&#8220;#000000&#8243; header_2_font_size=&#8220;35px&#8220; custom_margin=&#8220;||1px|||&#8220; global_colors_info=&#8220;{}&#8220;]<\/p>\n<h2>T\u00fdm<\/h2>\n<p>[\/et_pb_text][et_pb_divider color=&#8220;#E02B20&#8243; _builder_version=&#8220;4.10.5&#8243; _module_preset=&#8220;default&#8220; width=&#8220;64%&#8220; global_colors_info=&#8220;{}&#8220;][\/et_pb_divider][\/et_pb_column][\/et_pb_row][et_pb_row column_structure=&#8220;1_4,3_4&#8243; _builder_version=&#8220;4.10.5&#8243; _module_preset=&#8220;default&#8220; global_colors_info=&#8220;{}&#8220;][et_pb_column type=&#8220;1_4&#8243; _builder_version=&#8220;4.10.5&#8243; _module_preset=&#8220;default&#8220; global_colors_info=&#8220;{}&#8220;][et_pb_image src=&#8220;http:\/\/www.ac-s.cz\/wp-content\/uploads\/2021\/09\/michal_jurecka.jpg&#8220; title_text=&#8220;michal_jurecka&#8220; _builder_version=&#8220;4.10.5&#8243; _module_preset=&#8220;default&#8220; custom_margin=&#8220;||||false|false&#8220; custom_padding=&#8220;|30px|||false|false&#8220; global_colors_info=&#8220;{}&#8220;][\/et_pb_image][\/et_pb_column][et_pb_column type=&#8220;3_4&#8243; _builder_version=&#8220;4.10.5&#8243; _module_preset=&#8220;default&#8220; global_colors_info=&#8220;{}&#8220;][et_pb_text _builder_version=&#8220;4.10.5&#8243; _module_preset=&#8220;default&#8220; header_3_font=&#8220;Calibri nadpisy|||on|||||&#8220; header_3_text_align=&#8220;left&#8220; header_3_text_color=&#8220;#272727&#8243; custom_margin=&#8220;0px||17px||false|false&#8220; global_colors_info=&#8220;{}&#8220;]<\/p>\n<h3>Michal Jure\u010dka<\/h3>\n<p>[\/et_pb_text][et_pb_text _builder_version=&#8220;4.10.5&#8243; _module_preset=&#8220;default&#8220; text_font=&#8220;Calibri nadpisy||||||||&#8220; text_text_color=&#8220;#000000&#8243; text_font_size=&#8220;17px&#8220; global_colors_info=&#8220;{}&#8220;]<\/p>\n<p>Michal Jure\u010dka se pohybuje v oblasti \u00fa\u010detnictv\u00ed ji\u017e t\u00e9m\u011b\u0159 20 let. V minulosti poskytoval sv\u00e9 slu\u017eby mimo jin\u00e9 klient\u016fm ve spole\u010dnosti RSM TACOMA a.s., kde p\u016fsobil p\u011bt let jako senior konsultant v odd\u011blen\u00ed outsourcingu \u00fa\u010detnictv\u00ed a trustov\u00fdch slu\u017eeb. Bohat\u00e9 zku\u0161enosti z\u00edskal tak\u00e9 jako financial controller ve v\u00fdrobn\u00ed spole\u010dnosti Carrier Refrigeration Operation Czech Republic s.r.o.<\/p>\n<p>V sou\u010dasn\u00e9 dob\u011b p\u016fsob\u00ed ve spole\u010dnosti AC&amp;S Prague s.r.o., kde se zam\u011b\u0159uje na veden\u00ed \u00fa\u010detnictv\u00ed a likvidace spole\u010dnost\u00ed.<\/p>\n<p>[\/et_pb_text][\/et_pb_column][\/et_pb_row][et_pb_row column_structure=&#8220;1_4,3_4&#8243; _builder_version=&#8220;4.10.5&#8243; _module_preset=&#8220;default&#8220; global_colors_info=&#8220;{}&#8220;][et_pb_column type=&#8220;1_4&#8243; _builder_version=&#8220;4.10.5&#8243; _module_preset=&#8220;default&#8220; global_colors_info=&#8220;{}&#8220;][et_pb_image src=&#8220;http:\/\/www.ac-s.cz\/wp-content\/uploads\/2021\/09\/jirina_jureckova.jpeg&#8220; title_text=&#8220;jirina_jureckova&#8220; _builder_version=&#8220;4.10.5&#8243; _module_preset=&#8220;default&#8220; custom_margin=&#8220;||||false|false&#8220; custom_padding=&#8220;|30px|||false|false&#8220; global_colors_info=&#8220;{}&#8220;][\/et_pb_image][\/et_pb_column][et_pb_column type=&#8220;3_4&#8243; _builder_version=&#8220;4.10.5&#8243; _module_preset=&#8220;default&#8220; global_colors_info=&#8220;{}&#8220;][et_pb_text _builder_version=&#8220;4.10.5&#8243; _module_preset=&#8220;default&#8220; header_3_font=&#8220;Calibri nadpisy|||on|||||&#8220; header_3_text_align=&#8220;left&#8220; header_3_text_color=&#8220;#272727&#8243; custom_margin=&#8220;0px||17px||false|false&#8220; global_colors_info=&#8220;{}&#8220;]<\/p>\n<h3>Ji\u0159ina jure\u010dkov\u00e1<\/h3>\n<p>[\/et_pb_text][et_pb_text _builder_version=&#8220;4.10.5&#8243; _module_preset=&#8220;default&#8220; text_font=&#8220;Calibri nadpisy||||||||&#8220; text_text_color=&#8220;#000000&#8243; text_font_size=&#8220;17px&#8220; global_colors_info=&#8220;{}&#8220;]<\/p>\n<p>Ji\u0159ina Jure\u010dkov\u00e1 zalo\u017eila spole\u010dnosti AC&amp;S Prague s.r.o. v roce 2008 a veden\u00ed \u00fa\u010detnictv\u00ed a mezd se v\u011bnuje bezm\u00e1la tak\u00e9 20 let. Rozs\u00e1hl\u00e9 zku\u0161enosti m\u00e1 jak s intern\u00edm, tak tak\u00e9 extern\u00edm veden\u00edm \u00fa\u010detnictv\u00ed a v neposledn\u00ed \u0159ad\u011b tak\u00e9 s implementac\u00ed a nastavov\u00e1n\u00edm \u00fa\u010detn\u00edch software a jejich optimalizac\u00ed.<\/p>\n<p>[\/et_pb_text][\/et_pb_column][\/et_pb_row][\/et_pb_section]<\/p>\n","protected":false},"excerpt":{"rendered":"<p>T\u00fdmMichal Jure\u010dkaMichal Jure\u010dka se pohybuje v oblasti \u00fa\u010detnictv\u00ed ji\u017e t\u00e9m\u011b\u0159 20 let. V minulosti poskytoval sv\u00e9 slu\u017eby mimo jin\u00e9 klient\u016fm ve spole\u010dnosti RSM TACOMA a.s., kde p\u016fsobil p\u011bt let jako senior konsultant v odd\u011blen\u00ed outsourcingu \u00fa\u010detnictv\u00ed a trustov\u00fdch slu\u017eeb. Bohat\u00e9 zku\u0161enosti z\u00edskal tak\u00e9 jako financial controller ve v\u00fdrobn\u00ed spole\u010dnosti Carrier Refrigeration Operation Czech Republic s.r.o. [&hellip;]<\/p>\n","protected":false},"author":2,"featured_media":0,"parent":0,"menu_order":0,"comment_status":"closed","ping_status":"closed","template":"","meta":{"_et_pb_use_builder":"on","_et_pb_old_content":"","_et_gb_content_width":"","footnotes":""},"class_list":["post-64","page","type-page","status-publish","hentry"],"_links":{"self":[{"href":"https:\/\/www.ac-s.cz\/index.php\/wp-json\/wp\/v2\/pages\/64","targetHints":{"allow":["GET"]}}],"collection":[{"href":"https:\/\/www.ac-s.cz\/index.php\/wp-json\/wp\/v2\/pages"}],"about":[{"href":"https:\/\/www.ac-s.cz\/index.php\/wp-json\/wp\/v2\/types\/page"}],"author":[{"embeddable":true,"href":"https:\/\/www.ac-s.cz\/index.php\/wp-json\/wp\/v2\/users\/2"}],"replies":[{"embeddable":true,"href":"https:\/\/www.ac-s.cz\/index.php\/wp-json\/wp\/v2\/comments?post=64"}],"version-history":[{"count":5,"href":"https:\/\/www.ac-s.cz\/index.php\/wp-json\/wp\/v2\/pages\/64\/revisions"}],"predecessor-version":[{"id":186,"href":"https:\/\/www.ac-s.cz\/index.php\/wp-json\/wp\/v2\/pages\/64\/revisions\/186"}],"wp:attachment":[{"href":"https:\/\/www.ac-s.cz\/index.php\/wp-json\/wp\/v2\/media?parent=64"}],"curies":[{"name":"wp","href":"https:\/\/api.w.org\/{rel}","templated":true}]}}