{"id":62,"date":"2021-09-01T09:42:47","date_gmt":"2021-09-01T09:42:47","guid":{"rendered":"https:\/\/www.ac-s.cz\/?page_id=62"},"modified":"2021-09-21T10:14:33","modified_gmt":"2021-09-21T10:14:33","slug":"o-nas","status":"publish","type":"page","link":"https:\/\/www.ac-s.cz\/","title":{"rendered":"O n\u00e1s"},"content":{"rendered":"<p>[et_pb_section fb_built=&#8220;1&#8243; _builder_version=&#8220;4.10.5&#8243; _module_preset=&#8220;default&#8220; custom_padding=&#8220;30px||0px||false|false&#8220; global_colors_info=&#8220;{}&#8220;][et_pb_row _builder_version=&#8220;4.10.5&#8243; _module_preset=&#8220;default&#8220; custom_padding=&#8220;29px|||||&#8220; global_colors_info=&#8220;{}&#8220;][et_pb_column type=&#8220;4_4&#8243; _builder_version=&#8220;4.10.5&#8243; _module_preset=&#8220;default&#8220; global_colors_info=&#8220;{}&#8220;][et_pb_text _builder_version=&#8220;4.10.5&#8243; _module_preset=&#8220;default&#8220; header_2_font=&#8220;Calibri nadpisy|||on|||||&#8220; header_2_text_align=&#8220;left&#8220; header_2_text_color=&#8220;#272727&#8243; header_2_font_size=&#8220;35px&#8220; custom_margin=&#8220;||1px|||&#8220; global_colors_info=&#8220;{}&#8220;]<\/p>\n<h2>O n\u00e1s<\/h2>\n<p>[\/et_pb_text][et_pb_divider color=&#8220;#E02B20&#8243; _builder_version=&#8220;4.10.5&#8243; _module_preset=&#8220;default&#8220; width=&#8220;64%&#8220; global_colors_info=&#8220;{}&#8220;][\/et_pb_divider][\/et_pb_column][\/et_pb_row][et_pb_row _builder_version=&#8220;4.10.5&#8243; _module_preset=&#8220;default&#8220; global_colors_info=&#8220;{}&#8220;][et_pb_column type=&#8220;4_4&#8243; _builder_version=&#8220;4.10.5&#8243; _module_preset=&#8220;default&#8220; global_colors_info=&#8220;{}&#8220;][et_pb_text _builder_version=&#8220;4.10.5&#8243; _module_preset=&#8220;default&#8220; text_font=&#8220;Calibri nadpisy||||||||&#8220; text_text_color=&#8220;#272727&#8243; text_font_size=&#8220;17px&#8220; global_colors_info=&#8220;{}&#8220;]<\/p>\n<p>Na\u0161e \u00fa\u010detn\u00ed firma klade velk\u00fd d\u016fraz na individu\u00e1ln\u00ed p\u0159\u00edstup ke klientovi. Na\u0161im c\u00edlem je porozum\u011bt a p\u0159izp\u016fsobit se pot\u0159eb\u00e1m ka\u017ed\u00e9ho klienta a naj\u00edt optim\u00e1ln\u00ed \u0159e\u0161en\u00ed konkr\u00e9tn\u00edch po\u017eadavk\u016f v oblasti zpracov\u00e1n\u00ed \u00fa\u010detnictv\u00ed, veden\u00ed da\u0148ov\u00e9 evidence, dan\u00ed a mezd.<\/p>\n<p>[\/et_pb_text][et_pb_text _builder_version=&#8220;4.10.5&#8243; _module_preset=&#8220;default&#8220; text_font=&#8220;Calibri nadpisy||||||||&#8220; text_text_color=&#8220;#272727&#8243; text_font_size=&#8220;17px&#8220; global_colors_info=&#8220;{}&#8220;]Poskytujeme komplexn\u00ed \u00fa\u010detn\u00ed slu\u017eby a poradenstv\u00ed a na\u0161\u00ed specializac\u00ed je veden\u00ed \u00fa\u010detnictv\u00ed, da\u0148ov\u00e9 evidence, p\u0159\u00edprava da\u0148ov\u00fdch p\u0159izn\u00e1n\u00ed, zpracov\u00e1n\u00ed mezd a personalistiky, ale tak\u00e9 \u0159ada dal\u0161\u00edch slu\u017eeb jako nap\u0159. v\u00fdkaznictv\u00ed a reporting, kontrola \u00fa\u010detnictv\u00ed a \u010dinnosti spojen\u00e9 s likvidac\u00ed spole\u010dnosti.[\/et_pb_text][et_pb_text _builder_version=&#8220;4.10.5&#8243; _module_preset=&#8220;default&#8220; text_font=&#8220;Calibri nadpisy||||||||&#8220; text_text_color=&#8220;#272727&#8243; text_font_size=&#8220;17px&#8220; hover_enabled=&#8220;0&#8243; global_colors_info=&#8220;{}&#8220; sticky_enabled=&#8220;0&#8243;]<\/p>\n<p>Otev\u0159enost a vst\u0159\u00edcnost v jedn\u00e1n\u00ed pova\u017eujeme za samoz\u0159ejmost a na\u0161im klient\u016fm nab\u00edz\u00edme komunikaci a ve\u0161ker\u00e9 v\u00fdstupy v \u010desk\u00e9m a anglick\u00e9m jazyce. Pokud V\u00e1s na\u0161e nab\u00eddka zaujala, nev\u00e1hejte se na n\u00e1s obr\u00e1tit. R\u00e1di se s V\u00e1mi sejdeme a na z\u00e1klad\u011b V\u00e1mi po\u017eadovan\u00fdch slu\u017eeb zpracujeme cenovou nab\u00eddku.<\/p>\n<p>[\/et_pb_text][\/et_pb_column][\/et_pb_row][\/et_pb_section]<\/p>\n","protected":false},"excerpt":{"rendered":"<p>O n\u00e1sNa\u0161e \u00fa\u010detn\u00ed firma klade velk\u00fd d\u016fraz na individu\u00e1ln\u00ed p\u0159\u00edstup ke klientovi. Na\u0161im c\u00edlem je porozum\u011bt a p\u0159izp\u016fsobit se pot\u0159eb\u00e1m ka\u017ed\u00e9ho klienta a naj\u00edt optim\u00e1ln\u00ed \u0159e\u0161en\u00ed konkr\u00e9tn\u00edch po\u017eadavk\u016f v oblasti zpracov\u00e1n\u00ed \u00fa\u010detnictv\u00ed, veden\u00ed da\u0148ov\u00e9 evidence, dan\u00ed a mezd.Poskytujeme komplexn\u00ed \u00fa\u010detn\u00ed slu\u017eby a poradenstv\u00ed a na\u0161\u00ed specializac\u00ed je veden\u00ed \u00fa\u010detnictv\u00ed, da\u0148ov\u00e9 evidence, p\u0159\u00edprava da\u0148ov\u00fdch p\u0159izn\u00e1n\u00ed, zpracov\u00e1n\u00ed [&hellip;]<\/p>\n","protected":false},"author":2,"featured_media":0,"parent":0,"menu_order":0,"comment_status":"closed","ping_status":"closed","template":"","meta":{"_et_pb_use_builder":"on","_et_pb_old_content":"","_et_gb_content_width":"","footnotes":""},"class_list":["post-62","page","type-page","status-publish","hentry"],"_links":{"self":[{"href":"https:\/\/www.ac-s.cz\/index.php\/wp-json\/wp\/v2\/pages\/62","targetHints":{"allow":["GET"]}}],"collection":[{"href":"https:\/\/www.ac-s.cz\/index.php\/wp-json\/wp\/v2\/pages"}],"about":[{"href":"https:\/\/www.ac-s.cz\/index.php\/wp-json\/wp\/v2\/types\/page"}],"author":[{"embeddable":true,"href":"https:\/\/www.ac-s.cz\/index.php\/wp-json\/wp\/v2\/users\/2"}],"replies":[{"embeddable":true,"href":"https:\/\/www.ac-s.cz\/index.php\/wp-json\/wp\/v2\/comments?post=62"}],"version-history":[{"count":5,"href":"https:\/\/www.ac-s.cz\/index.php\/wp-json\/wp\/v2\/pages\/62\/revisions"}],"predecessor-version":[{"id":156,"href":"https:\/\/www.ac-s.cz\/index.php\/wp-json\/wp\/v2\/pages\/62\/revisions\/156"}],"wp:attachment":[{"href":"https:\/\/www.ac-s.cz\/index.php\/wp-json\/wp\/v2\/media?parent=62"}],"curies":[{"name":"wp","href":"https:\/\/api.w.org\/{rel}","templated":true}]}}