{"id":163,"date":"2021-09-21T11:56:25","date_gmt":"2021-09-21T11:56:25","guid":{"rendered":"https:\/\/www.ac-s.cz\/index.php\/o-nas-cestina\/"},"modified":"2021-09-21T14:49:44","modified_gmt":"2021-09-21T14:49:44","slug":"team","status":"publish","type":"page","link":"https:\/\/www.ac-s.cz\/index.php\/en\/team\/","title":{"rendered":"Team"},"content":{"rendered":"<p>[et_pb_section fb_built=&#8220;1&#8243; _builder_version=&#8220;4.10.5&#8243; _module_preset=&#8220;default&#8220; custom_padding=&#8220;30px||0px||false|false&#8220; global_colors_info=&#8220;{}&#8220;][et_pb_row _builder_version=&#8220;4.10.5&#8243; _module_preset=&#8220;default&#8220; custom_padding=&#8220;30px|||||&#8220; global_colors_info=&#8220;{}&#8220;][et_pb_column type=&#8220;4_4&#8243; _builder_version=&#8220;4.10.5&#8243; _module_preset=&#8220;default&#8220; global_colors_info=&#8220;{}&#8220;][et_pb_text _builder_version=&#8220;4.10.5&#8243; _module_preset=&#8220;default&#8220; header_2_font=&#8220;Calibri nadpisy|||on|||||&#8220; header_2_text_align=&#8220;left&#8220; header_2_text_color=&#8220;#000000&#8243; header_2_font_size=&#8220;35px&#8220; custom_margin=&#8220;||1px|||&#8220; global_colors_info=&#8220;{}&#8220;]<\/p>\n<h2>Team<\/h2>\n<p>[\/et_pb_text][et_pb_divider color=&#8220;#E02B20&#8243; _builder_version=&#8220;4.10.5&#8243; _module_preset=&#8220;default&#8220; width=&#8220;64%&#8220; global_colors_info=&#8220;{}&#8220;][\/et_pb_divider][\/et_pb_column][\/et_pb_row][et_pb_row column_structure=&#8220;1_4,3_4&#8243; _builder_version=&#8220;4.10.5&#8243; _module_preset=&#8220;default&#8220; global_colors_info=&#8220;{}&#8220;][et_pb_column type=&#8220;1_4&#8243; _builder_version=&#8220;4.10.5&#8243; _module_preset=&#8220;default&#8220; global_colors_info=&#8220;{}&#8220;][et_pb_image src=&#8220;http:\/\/www.ac-s.cz\/wp-content\/uploads\/2021\/09\/michal_jurecka.jpg&#8220; title_text=&#8220;michal_jurecka&#8220; _builder_version=&#8220;4.10.5&#8243; _module_preset=&#8220;default&#8220; custom_margin=&#8220;||||false|false&#8220; custom_padding=&#8220;|30px|||false|false&#8220; global_colors_info=&#8220;{}&#8220;][\/et_pb_image][\/et_pb_column][et_pb_column type=&#8220;3_4&#8243; _builder_version=&#8220;4.10.5&#8243; _module_preset=&#8220;default&#8220; global_colors_info=&#8220;{}&#8220;][et_pb_text _builder_version=&#8220;4.10.5&#8243; _module_preset=&#8220;default&#8220; header_3_font=&#8220;Calibri nadpisy|||on|||||&#8220; header_3_text_align=&#8220;left&#8220; header_3_text_color=&#8220;#272727&#8243; custom_margin=&#8220;0px||17px||false|false&#8220; global_colors_info=&#8220;{}&#8220;]<\/p>\n<h3>Michal Jure\u010dka<\/h3>\n<p>[\/et_pb_text][et_pb_text _builder_version=&#8220;4.10.5&#8243; _module_preset=&#8220;default&#8220; text_font=&#8220;Calibri nadpisy||||||||&#8220; text_text_color=&#8220;#000000&#8243; text_font_size=&#8220;17px&#8220; global_colors_info=&#8220;{}&#8220;]<\/p>\n<p>Michal Jure\u010dka has been working in accounting for almost 20 years. In the past Michal used provide accounting and trust services to various clients of RSM TACOMA a.s., where he worked for five years as a senior consultant. He gained experiences also as a financial controller in production company Carrier Refrigeration Operation Czech Republic s.r.o.<\/p>\n<p>Currently he works in company AC&amp;S Prague s.r.o., where he focuses on accounting services and liquidation of companies.<\/p>\n<p>[\/et_pb_text][\/et_pb_column][\/et_pb_row][et_pb_row column_structure=&#8220;1_4,3_4&#8243; _builder_version=&#8220;4.10.5&#8243; _module_preset=&#8220;default&#8220; global_colors_info=&#8220;{}&#8220;][et_pb_column type=&#8220;1_4&#8243; _builder_version=&#8220;4.10.5&#8243; _module_preset=&#8220;default&#8220; global_colors_info=&#8220;{}&#8220;][et_pb_image src=&#8220;http:\/\/www.ac-s.cz\/wp-content\/uploads\/2021\/09\/jirina_jureckova.jpeg&#8220; title_text=&#8220;jirina_jureckova&#8220; _builder_version=&#8220;4.10.5&#8243; _module_preset=&#8220;default&#8220; custom_margin=&#8220;||||false|false&#8220; custom_padding=&#8220;|30px|||false|false&#8220; global_colors_info=&#8220;{}&#8220;][\/et_pb_image][\/et_pb_column][et_pb_column type=&#8220;3_4&#8243; _builder_version=&#8220;4.10.5&#8243; _module_preset=&#8220;default&#8220; global_colors_info=&#8220;{}&#8220;][et_pb_text _builder_version=&#8220;4.10.5&#8243; _module_preset=&#8220;default&#8220; header_3_font=&#8220;Calibri nadpisy|||on|||||&#8220; header_3_text_align=&#8220;left&#8220; header_3_text_color=&#8220;#272727&#8243; custom_margin=&#8220;0px||17px||false|false&#8220; global_colors_info=&#8220;{}&#8220;]<\/p>\n<h3>Ji\u0159ina jure\u010dkov\u00e1<\/h3>\n<p>[\/et_pb_text][et_pb_text _builder_version=&#8220;4.10.5&#8243; _module_preset=&#8220;default&#8220; text_font=&#8220;Calibri nadpisy||||||||&#8220; text_text_color=&#8220;#000000&#8243; text_font_size=&#8220;17px&#8220; global_colors_info=&#8220;{}&#8220;]<\/p>\n<p>Ji\u0159ina Jure\u010dkov\u00e1 has been providing accounting and payroll services to clients for almost 20 years . She has an extensive experiences with in-house and outsourced accounting and last not least with implementation and set up of accounting software and their optimizing.<\/p>\n<p><span style=\"font-weight: 400;\">Ji\u0159ina set up company AC&amp;S Prague s.r.o. in 2008 and is mainly responsible for accounting and payroll services.<\/span><\/p>\n<p>[\/et_pb_text][\/et_pb_column][\/et_pb_row][\/et_pb_section]<\/p>\n","protected":false},"excerpt":{"rendered":"<p>TeamMichal Jure\u010dkaMichal Jure\u010dka has been working in accounting for almost 20 years. In the past Michal used provide accounting and trust services to various clients of RSM TACOMA a.s., where he worked for five years as a senior consultant. He gained experiences also as a financial controller in production company Carrier Refrigeration Operation Czech Republic [&hellip;]<\/p>\n","protected":false},"author":2,"featured_media":0,"parent":0,"menu_order":0,"comment_status":"closed","ping_status":"closed","template":"","meta":{"_et_pb_use_builder":"on","_et_pb_old_content":"","_et_gb_content_width":"","footnotes":""},"class_list":["post-163","page","type-page","status-publish","hentry"],"_links":{"self":[{"href":"https:\/\/www.ac-s.cz\/index.php\/wp-json\/wp\/v2\/pages\/163","targetHints":{"allow":["GET"]}}],"collection":[{"href":"https:\/\/www.ac-s.cz\/index.php\/wp-json\/wp\/v2\/pages"}],"about":[{"href":"https:\/\/www.ac-s.cz\/index.php\/wp-json\/wp\/v2\/types\/page"}],"author":[{"embeddable":true,"href":"https:\/\/www.ac-s.cz\/index.php\/wp-json\/wp\/v2\/users\/2"}],"replies":[{"embeddable":true,"href":"https:\/\/www.ac-s.cz\/index.php\/wp-json\/wp\/v2\/comments?post=163"}],"version-history":[{"count":4,"href":"https:\/\/www.ac-s.cz\/index.php\/wp-json\/wp\/v2\/pages\/163\/revisions"}],"predecessor-version":[{"id":222,"href":"https:\/\/www.ac-s.cz\/index.php\/wp-json\/wp\/v2\/pages\/163\/revisions\/222"}],"wp:attachment":[{"href":"https:\/\/www.ac-s.cz\/index.php\/wp-json\/wp\/v2\/media?parent=163"}],"curies":[{"name":"wp","href":"https:\/\/api.w.org\/{rel}","templated":true}]}}